{"id":279,"date":"2024-02-26T09:14:13","date_gmt":"2024-02-26T09:14:13","guid":{"rendered":"https:\/\/globaltransportconsulting.com\/?page_id=279"},"modified":"2024-02-26T12:22:35","modified_gmt":"2024-02-26T12:22:35","slug":"politique-de-confidentialite","status":"publish","type":"page","link":"https:\/\/globaltransportconsulting.com\/index.php\/politique-de-confidentialite\/","title":{"rendered":"POLITIQUE DE CONFIDENTIALIT\u00c9"},"content":{"rendered":"<style>.elementor-279 .elementor-element.elementor-element-2d511fd8{--display:flex;}.elementor-widget-text-editor{color:var( --e-global-color-text );font-family:var( --e-global-typography-text-font-family ), Sans-serif;font-weight:var( --e-global-typography-text-font-weight );}.elementor-widget-text-editor.elementor-drop-cap-view-stacked .elementor-drop-cap{background-color:var( --e-global-color-primary );}.elementor-widget-text-editor.elementor-drop-cap-view-framed .elementor-drop-cap, .elementor-widget-text-editor.elementor-drop-cap-view-default .elementor-drop-cap{color:var( --e-global-color-primary );border-color:var( --e-global-color-primary );}<\/style>\t\t<div data-elementor-type=\"wp-page\" data-elementor-id=\"279\" class=\"elementor elementor-279\">\n\t\t\t\t<div class=\"has_eae_slider elementor-element elementor-element-2d511fd8 e-flex e-con-boxed wpr-particle-no wpr-jarallax-no wpr-parallax-no wpr-sticky-section-no wpr-equal-height-no e-con e-parent\" data-eae-slider=\"68993\" data-id=\"2d511fd8\" data-element_type=\"container\">\n\t\t\t\t\t<div class=\"e-con-inner\">\n\t\t\t\t<div class=\"elementor-element elementor-element-375173d5 elementor-widget elementor-widget-text-editor\" data-id=\"375173d5\" data-element_type=\"widget\" data-widget_type=\"text-editor.default\">\n\t\t\t\t<div class=\"elementor-widget-container\">\n\t\t\t\t\t\t\t\t\t<p><strong><\/strong><\/p>\n<p><strong>Nous accordons une grande importance \u00e0 la protection de vos donn\u00e9es personnelles. Cette politique de confidentialit\u00e9 explique comment nous collectons, utilisons et prot\u00e9geons vos informations lorsque vous utilisez notre site web.<\/strong><\/p>\n<ol>\n<li>\n<p><strong>Collecte de donn\u00e9es Nous collectons des informations personnelles lorsque vous nous les fournissez volontairement, telles que votre nom, votre adresse e-mail, votre adresse postale, etc., lorsque vous utilisez notre site web pour vous inscrire \u00e0 nos services, nous contacter ou effectuer des transactions.<\/strong><\/p>\n<\/li>\n<li>\n<p><strong>Utilisation des donn\u00e9es Les informations que nous collectons sont utilis\u00e9es pour fournir, maintenir, prot\u00e9ger et am\u00e9liorer nos services, ainsi que pour d\u00e9velopper de nouveaux services. Nous pouvons \u00e9galement utiliser vos informations pour vous contacter concernant des offres sp\u00e9ciales, des promotions ou d&#8217;autres informations que nous pensons susceptibles de vous int\u00e9resser.<\/strong><\/p>\n<\/li>\n<li>\n<p><strong>Protection des donn\u00e9es Nous mettons en \u0153uvre des mesures de s\u00e9curit\u00e9 pour prot\u00e9ger vos informations personnelles contre tout acc\u00e8s non autoris\u00e9, toute alt\u00e9ration, toute divulgation ou destruction non autoris\u00e9e.<\/strong><\/p>\n<\/li>\n<li>\n<p><strong>Partage des donn\u00e9es Nous ne partageons pas vos informations personnelles avec des tiers, sauf dans les cas suivants :<\/strong><\/p>\n<\/li>\n<\/ol>\n<ul>\n<li><strong>Lorsque cela est n\u00e9cessaire pour fournir un service que vous avez demand\u00e9.<\/strong><\/li>\n<li><strong>Lorsque nous sommes l\u00e9galement tenus de le faire.<\/strong><\/li>\n<li><strong>Lorsque vous avez donn\u00e9 votre consentement pr\u00e9alable.<\/strong><\/li>\n<\/ul>\n<ol start=\"5\">\n<li>\n<p><strong>Cookies Nous utilisons des cookies sur notre site web pour am\u00e9liorer votre exp\u00e9rience utilisateur. Vous pouvez g\u00e9rer vos pr\u00e9f\u00e9rences en mati\u00e8re de cookies en modifiant les param\u00e8tres de votre navigateur.<\/strong><\/p>\n<\/li>\n<li>\n<p><strong>Droits des utilisateurs Vous avez le droit d&#8217;acc\u00e9der \u00e0 vos informations personnelles, de les corriger, de les supprimer ou de restreindre leur traitement. Vous avez \u00e9galement le droit de vous opposer au traitement de vos informations personnelles.<\/strong><\/p>\n<\/li>\n<li>\n<p><strong>Modification de la politique Nous nous r\u00e9servons le droit de modifier cette politique de confidentialit\u00e9 \u00e0 tout moment. Toute modification de cette politique sera publi\u00e9e sur cette page.<\/strong><\/p>\n<\/li>\n<\/ol>\n<p><strong>Si vous avez des questions ou des pr\u00e9occupations concernant notre politique de confidentialit\u00e9, veuillez nous contacter \u00e0 l&#8217;adresse indiqu\u00e9e sur notre site web.<\/strong><\/p>\n<p><strong>Cette politique de confidentialit\u00e9 respecte le cadre juridique \u00e9tabli par l&#8217;Union europ\u00e9enne en mati\u00e8re de RGDP (R\u00e8glement g\u00e9n\u00e9ral sur la protection des donn\u00e9es).<\/strong><\/p>\n<p><strong><\/strong><\/p>\t\t\t\t\t\t\t\t<\/div>\n\t\t\t\t<\/div>\n\t\t\t\t\t<\/div>\n\t\t\t\t<\/div>\n\t\t\t\t<\/div>\n\t\t","protected":false},"excerpt":{"rendered":"<p>Nous accordons une grande importance \u00e0 la protection de vos donn\u00e9es personnelles. Cette politique de confidentialit\u00e9 explique comment nous collectons, utilisons et prot\u00e9geons vos informations lorsque vous utilisez notre site web. Collecte de donn\u00e9es Nous collectons des informations personnelles lorsque vous nous les fournissez volontairement, telles que votre nom, votre adresse e-mail, votre adresse postale, etc., lorsque vous utilisez notre site web pour vous inscrire \u00e0 nos services, nous contacter ou effectuer des transactions. Utilisation des donn\u00e9es Les informations que nous collectons sont utilis\u00e9es pour fournir, maintenir, prot\u00e9ger et am\u00e9liorer nos services, ainsi que pour d\u00e9velopper de nouveaux services. Nous pouvons \u00e9galement utiliser vos informations pour vous contacter concernant des offres sp\u00e9ciales, des promotions ou d&#8217;autres informations que nous pensons susceptibles de vous int\u00e9resser. Protection des donn\u00e9es Nous mettons en \u0153uvre des mesures de s\u00e9curit\u00e9 pour prot\u00e9ger vos informations personnelles contre tout acc\u00e8s non autoris\u00e9, toute alt\u00e9ration, toute divulgation ou destruction non autoris\u00e9e. Partage des donn\u00e9es Nous ne partageons pas vos informations personnelles avec des tiers, sauf dans les cas suivants : Lorsque cela est n\u00e9cessaire pour fournir un service que vous avez demand\u00e9. Lorsque nous sommes l\u00e9galement tenus de le faire. Lorsque vous avez donn\u00e9 votre consentement pr\u00e9alable. Cookies Nous utilisons des cookies sur notre site web pour am\u00e9liorer votre exp\u00e9rience utilisateur. Vous pouvez g\u00e9rer vos pr\u00e9f\u00e9rences en mati\u00e8re de cookies en modifiant les param\u00e8tres de votre navigateur. Droits des utilisateurs Vous avez le droit d&#8217;acc\u00e9der \u00e0 vos informations personnelles, de les corriger, de les supprimer ou de restreindre leur traitement. Vous avez \u00e9galement le droit de vous opposer au traitement de vos informations personnelles. Modification de la politique Nous nous r\u00e9servons le droit de modifier cette politique de confidentialit\u00e9 \u00e0 tout moment. Toute modification de cette politique sera publi\u00e9e sur cette page. Si vous avez des questions ou des pr\u00e9occupations concernant notre politique de confidentialit\u00e9, veuillez nous contacter \u00e0 l&#8217;adresse indiqu\u00e9e sur notre site web. Cette politique de confidentialit\u00e9 respecte le cadre juridique \u00e9tabli par l&#8217;Union europ\u00e9enne en mati\u00e8re de RGDP (R\u00e8glement g\u00e9n\u00e9ral sur la protection des donn\u00e9es).<\/p>\n","protected":false},"author":1,"featured_media":0,"parent":0,"menu_order":0,"comment_status":"closed","ping_status":"closed","template":"","meta":{"om_disable_all_campaigns":false,"_monsterinsights_skip_tracking":false,"_monsterinsights_sitenote_active":false,"_monsterinsights_sitenote_note":"","_monsterinsights_sitenote_category":0,"footnotes":""},"aioseo_notices":[],"_links":{"self":[{"href":"https:\/\/globaltransportconsulting.com\/index.php\/wp-json\/wp\/v2\/pages\/279"}],"collection":[{"href":"https:\/\/globaltransportconsulting.com\/index.php\/wp-json\/wp\/v2\/pages"}],"about":[{"href":"https:\/\/globaltransportconsulting.com\/index.php\/wp-json\/wp\/v2\/types\/page"}],"author":[{"embeddable":true,"href":"https:\/\/globaltransportconsulting.com\/index.php\/wp-json\/wp\/v2\/users\/1"}],"replies":[{"embeddable":true,"href":"https:\/\/globaltransportconsulting.com\/index.php\/wp-json\/wp\/v2\/comments?post=279"}],"version-history":[{"count":4,"href":"https:\/\/globaltransportconsulting.com\/index.php\/wp-json\/wp\/v2\/pages\/279\/revisions"}],"predecessor-version":[{"id":385,"href":"https:\/\/globaltransportconsulting.com\/index.php\/wp-json\/wp\/v2\/pages\/279\/revisions\/385"}],"wp:attachment":[{"href":"https:\/\/globaltransportconsulting.com\/index.php\/wp-json\/wp\/v2\/media?parent=279"}],"curies":[{"name":"wp","href":"https:\/\/api.w.org\/{rel}","templated":true}]}}