{"id":3,"date":"2024-02-22T09:18:35","date_gmt":"2024-02-22T09:18:35","guid":{"rendered":"http:\/\/globaltransportconsulting.com\/?page_id=3"},"modified":"2024-02-26T12:19:41","modified_gmt":"2024-02-26T12:19:41","slug":"politique-de-cookies","status":"publish","type":"page","link":"https:\/\/globaltransportconsulting.com\/index.php\/politique-de-cookies\/","title":{"rendered":"POLITIQUE DE COOKIES"},"content":{"rendered":"<style>.elementor-3 .elementor-element.elementor-element-75268aab{--display:flex;}.elementor-widget-text-editor{color:var( --e-global-color-text );font-family:var( --e-global-typography-text-font-family ), Sans-serif;font-weight:var( --e-global-typography-text-font-weight );}.elementor-widget-text-editor.elementor-drop-cap-view-stacked .elementor-drop-cap{background-color:var( --e-global-color-primary );}.elementor-widget-text-editor.elementor-drop-cap-view-framed .elementor-drop-cap, .elementor-widget-text-editor.elementor-drop-cap-view-default .elementor-drop-cap{color:var( --e-global-color-primary );border-color:var( --e-global-color-primary );}<\/style>\t\t<div data-elementor-type=\"wp-page\" data-elementor-id=\"3\" class=\"elementor elementor-3\">\n\t\t\t\t<div class=\"has_eae_slider elementor-element elementor-element-75268aab e-flex e-con-boxed wpr-particle-no wpr-jarallax-no wpr-parallax-no wpr-sticky-section-no wpr-equal-height-no e-con e-parent\" data-eae-slider=\"83960\" data-id=\"75268aab\" data-element_type=\"container\">\n\t\t\t\t\t<div class=\"e-con-inner\">\n\t\t\t\t<div class=\"elementor-element elementor-element-724a8370 elementor-widget elementor-widget-text-editor\" data-id=\"724a8370\" data-element_type=\"widget\" data-widget_type=\"text-editor.default\">\n\t\t\t\t<div class=\"elementor-widget-container\">\n\t\t\t\t\t\t\t\t\t<p><strong><\/strong><\/p>\n<p><strong>Cette politique d&#8217;utilisation des cookies explique comment notre site web utilise les cookies et d&#8217;autres technologies similaires pour collecter et stocker des informations lorsque vous visitez notre site. En visitant ce site, vous consentez \u00e0 l&#8217;utilisation de cookies conform\u00e9ment \u00e0 cette politique.<\/strong><\/p>\n<ol>\n<li>\n<p><strong>Qu&#8217;est-ce qu&#8217;un cookie ? Un cookie est un petit fichier texte plac\u00e9 sur votre appareil lorsque vous visitez un site web. Les cookies sont largement utilis\u00e9s pour permettre au site de fonctionner efficacement et pour fournir des informations aux propri\u00e9taires du site.<\/strong><\/p>\n<\/li>\n<li>\n<p><strong>Types de cookies utilis\u00e9s Nous utilisons les types de cookies suivants sur notre site web :<\/strong><\/p>\n<\/li>\n<\/ol>\n<ul>\n<li><strong>Cookies essentiels : Ces cookies sont n\u00e9cessaires au fonctionnement de notre site web. Ils nous permettent de vous fournir les services que vous demandez, tels que la navigation sur les pages s\u00e9curis\u00e9es.<\/strong><\/li>\n<li><strong>Cookies de performance : Ces cookies collectent des informations sur la mani\u00e8re dont les visiteurs utilisent notre site web, par exemple les pages les plus visit\u00e9es ou les messages d&#8217;erreur re\u00e7us. Ces cookies ne collectent pas d&#8217;informations permettant d&#8217;identifier un visiteur. Toutes les informations collect\u00e9es par ces cookies sont agr\u00e9g\u00e9es et donc anonymes.<\/strong><\/li>\n<li><strong>Cookies de fonctionnalit\u00e9 : Ces cookies permettent \u00e0 notre site web de se souvenir des choix que vous avez faits, tels que votre langue pr\u00e9f\u00e9r\u00e9e ou la r\u00e9gion dans laquelle vous vous trouvez. Ces cookies peuvent \u00e9galement \u00eatre utilis\u00e9s pour vous fournir des fonctionnalit\u00e9s que vous avez demand\u00e9es, telles que la lecture de vid\u00e9os ou le partage de contenu sur les r\u00e9seaux sociaux.<\/strong><\/li>\n<\/ul>\n<ol start=\"3\">\n<li>\n<p><strong>Gestion des cookies Vous pouvez g\u00e9rer vos pr\u00e9f\u00e9rences en mati\u00e8re de cookies en modifiant les param\u00e8tres de votre navigateur pour accepter ou refuser les cookies. Veuillez noter que le refus de certains types de cookies peut avoir un impact sur votre exp\u00e9rience utilisateur sur notre site web.<\/strong><\/p>\n<\/li>\n<li>\n<p><strong>Consentement En utilisant notre site web, vous consentez \u00e0 l&#8217;utilisation de cookies conform\u00e9ment \u00e0 cette politique.<\/strong><\/p>\n<\/li>\n<li>\n<p><strong>Modification de la politique Nous nous r\u00e9servons le droit de modifier cette politique d&#8217;utilisation des cookies \u00e0 tout moment. Toute modification de cette politique sera publi\u00e9e sur cette page.<\/strong><\/p>\n<\/li>\n<\/ol>\n<p><strong>Si vous avez des questions ou des pr\u00e9occupations concernant notre politique d&#8217;utilisation des cookies, veuillez nous contacter via notre site web.<\/strong><\/p>\n<p><strong>Cette politique d&#8217;utilisation des cookies respecte le cadre juridique \u00e9tabli par l&#8217;Union europ\u00e9enne en mati\u00e8re de RGDP (R\u00e8glement g\u00e9n\u00e9ral sur la protection des donn\u00e9es).<\/strong><\/p>\n<p><strong><\/strong><\/p>\t\t\t\t\t\t\t\t<\/div>\n\t\t\t\t<\/div>\n\t\t\t\t\t<\/div>\n\t\t\t\t<\/div>\n\t\t\t\t<\/div>\n\t\t","protected":false},"excerpt":{"rendered":"<p>Cette politique d&#8217;utilisation des cookies explique comment notre site web utilise les cookies et d&#8217;autres technologies similaires pour collecter et stocker des informations lorsque vous visitez notre site. En visitant ce site, vous consentez \u00e0 l&#8217;utilisation de cookies conform\u00e9ment \u00e0 cette politique. Qu&#8217;est-ce qu&#8217;un cookie ? Un cookie est un petit fichier texte plac\u00e9 sur votre appareil lorsque vous visitez un site web. Les cookies sont largement utilis\u00e9s pour permettre au site de fonctionner efficacement et pour fournir des informations aux propri\u00e9taires du site. Types de cookies utilis\u00e9s Nous utilisons les types de cookies suivants sur notre site web : Cookies essentiels : Ces cookies sont n\u00e9cessaires au fonctionnement de notre site web. Ils nous permettent de vous fournir les services que vous demandez, tels que la navigation sur les pages s\u00e9curis\u00e9es. Cookies de performance : Ces cookies collectent des informations sur la mani\u00e8re dont les visiteurs utilisent notre site web, par exemple les pages les plus visit\u00e9es ou les messages d&#8217;erreur re\u00e7us. Ces cookies ne collectent pas d&#8217;informations permettant d&#8217;identifier un visiteur. Toutes les informations collect\u00e9es par ces cookies sont agr\u00e9g\u00e9es et donc anonymes. Cookies de fonctionnalit\u00e9 : Ces cookies permettent \u00e0 notre site web de se souvenir des choix que vous avez faits, tels que votre langue pr\u00e9f\u00e9r\u00e9e ou la r\u00e9gion dans laquelle vous vous trouvez. Ces cookies peuvent \u00e9galement \u00eatre utilis\u00e9s pour vous fournir des fonctionnalit\u00e9s que vous avez demand\u00e9es, telles que la lecture de vid\u00e9os ou le partage de contenu sur les r\u00e9seaux sociaux. Gestion des cookies Vous pouvez g\u00e9rer vos pr\u00e9f\u00e9rences en mati\u00e8re de cookies en modifiant les param\u00e8tres de votre navigateur pour accepter ou refuser les cookies. Veuillez noter que le refus de certains types de cookies peut avoir un impact sur votre exp\u00e9rience utilisateur sur notre site web. Consentement En utilisant notre site web, vous consentez \u00e0 l&#8217;utilisation de cookies conform\u00e9ment \u00e0 cette politique. Modification de la politique Nous nous r\u00e9servons le droit de modifier cette politique d&#8217;utilisation des cookies \u00e0 tout moment. Toute modification de cette politique sera publi\u00e9e sur cette page. Si vous avez des questions ou des pr\u00e9occupations concernant notre politique d&#8217;utilisation des cookies, veuillez nous contacter via notre site web. Cette politique d&#8217;utilisation des cookies respecte le cadre juridique \u00e9tabli par l&#8217;Union europ\u00e9enne en mati\u00e8re de RGDP (R\u00e8glement g\u00e9n\u00e9ral sur la protection des donn\u00e9es).<\/p>\n","protected":false},"author":1,"featured_media":0,"parent":0,"menu_order":0,"comment_status":"closed","ping_status":"closed","template":"","meta":{"om_disable_all_campaigns":false,"_monsterinsights_skip_tracking":false,"_monsterinsights_sitenote_active":false,"_monsterinsights_sitenote_note":"","_monsterinsights_sitenote_category":0,"footnotes":""},"aioseo_notices":[],"_links":{"self":[{"href":"https:\/\/globaltransportconsulting.com\/index.php\/wp-json\/wp\/v2\/pages\/3"}],"collection":[{"href":"https:\/\/globaltransportconsulting.com\/index.php\/wp-json\/wp\/v2\/pages"}],"about":[{"href":"https:\/\/globaltransportconsulting.com\/index.php\/wp-json\/wp\/v2\/types\/page"}],"author":[{"embeddable":true,"href":"https:\/\/globaltransportconsulting.com\/index.php\/wp-json\/wp\/v2\/users\/1"}],"replies":[{"embeddable":true,"href":"https:\/\/globaltransportconsulting.com\/index.php\/wp-json\/wp\/v2\/comments?post=3"}],"version-history":[{"count":4,"href":"https:\/\/globaltransportconsulting.com\/index.php\/wp-json\/wp\/v2\/pages\/3\/revisions"}],"predecessor-version":[{"id":382,"href":"https:\/\/globaltransportconsulting.com\/index.php\/wp-json\/wp\/v2\/pages\/3\/revisions\/382"}],"wp:attachment":[{"href":"https:\/\/globaltransportconsulting.com\/index.php\/wp-json\/wp\/v2\/media?parent=3"}],"curies":[{"name":"wp","href":"https:\/\/api.w.org\/{rel}","templated":true}]}}